{"id":131,"date":"2024-02-26T16:16:57","date_gmt":"2024-02-26T16:16:57","guid":{"rendered":"https:\/\/almasyf.mdworks-dev.cz\/?page_id=131"},"modified":"2025-04-11T12:53:10","modified_gmt":"2025-04-11T10:53:10","slug":"hourly-vehicle-rental","status":"publish","type":"page","link":"https:\/\/www.almasyf.cz\/ar\/hourly-vehicle-rental\/","title":{"rendered":"\u062a\u0623\u062c\u064a\u0631 \u0627\u0644\u0645\u0631\u0643\u0628\u0627\u062a \u0628\u0646\u0638\u0627\u0645 \u0627\u0644\u0633\u0627\u0639\u0629"},"content":{"rendered":"\n<h1 class=\"wp-block-heading\"><strong>\u0647\u0630\u0647 \u0627\u0644\u062e\u062f\u0645\u0629 \u0645\u062b\u0627\u0644\u064a\u0629 \u0644\u0644\u0623\u063a\u0631\u0627\u0636 \u0627\u0644\u062a\u062c\u0627\u0631\u064a\u0629 \u0648\u0627\u0644\u062e\u0627\u0635\u0629\u060c \u0645\u062b\u0644<\/strong>:<\/h1>\n\n\n\n<ul class=\"wp-block-list\">\n<li>\u0627\u0644\u062a\u0646\u0642\u0644 \u0628\u064a\u0646 \u0648\u062c\u0647\u0627\u062a \u0645\u062a\u0639\u062f\u062f\u0629<\/li>\n\n\n\n<li>\u0627\u0644\u0641\u0639\u0627\u0644\u064a\u0627\u062a \u0627\u0644\u062a\u064a \u064a\u0643\u0648\u0646 \u0648\u0642\u062a \u0627\u0644\u0639\u0648\u062f\u0629 \u0641\u064a\u0647\u0627 \u063a\u064a\u0631 \u0645\u062d\u062f\u062f<\/li>\n\n\n\n<li>\u0627\u0644\u0627\u062c\u062a\u0645\u0627\u0639\u0627\u062a \u0648\u0627\u0644\u0641\u0639\u0627\u0644\u064a\u0627\u062a \u0627\u0644\u062e\u0627\u0635\u0629 \u0628\u0627\u0644\u0634\u0631\u0643\u0627\u062a<\/li>\n\n\n\n<li>\u0627\u0644\u0632\u064a\u0627\u0631\u0627\u062a \u0627\u0644\u062a\u062c\u0627\u0631\u064a\u0629<\/li>\n\n\n\n<li>\u062c\u0648\u0644\u0627\u062a \u0627\u0644\u0633\u064a\u0627\u062d\u0629 \u0623\u0648 \u0627\u0633\u062a\u0643\u0634\u0627\u0641 \u0627\u0644\u0645\u062f\u064a\u0646\u0629<\/li>\n\n\n\n<li>\u0627\u0644\u0627\u062d\u062a\u0641\u0627\u0644\u0627\u062a \u0648\u0627\u0644\u0645\u0646\u0627\u0633\u0628\u0627\u062a \u0627\u0644\u0639\u0627\u0626\u0644\u064a\u0629<\/li>\n\n\n\n<li>\u0627\u0644\u062a\u0633\u0648\u0642<\/li>\n\n\n\n<li>\u062d\u0641\u0644\u0627\u062a \u0627\u0644\u0632\u0641\u0627\u0641<\/li>\n\n\n\n<li>\u0627\u0644\u0639\u0634\u0627\u0621\u060c \u0627\u0644\u0645\u0633\u0631\u062d\u060c \u0627\u0644\u0623\u0648\u0628\u0631\u0627<\/li>\n<\/ul>\n\n\n\n<h1 class=\"wp-block-heading\"><strong>\u0627\u0644\u0645\u0645\u064a\u0632\u0627\u062a \u0627\u0644\u0631\u0626\u064a\u0633\u064a\u0629:<\/strong><\/h1>\n\n\n\n<p><strong>\u0644\u0627 \u062f\u0627\u0639\u064a \u0644\u062a\u0642\u062f\u064a\u0645 \u062c\u062f\u0648\u0644 \u0632\u0645\u0646\u064a \u0645\u0641\u0635\u0644 \u0645\u0633\u0628\u0642\u064b\u0627.<br>\u0633\u062a\u0643\u0648\u0646 \u0627\u0644\u0633\u064a\u0627\u0631\u0629 \u0641\u064a \u062e\u062f\u0645\u062a\u0643 \u0644\u062a\u0648\u0641\u064a\u0631 \u0627\u0644\u0646\u0642\u0644 \u0641\u064a \u0623\u064a \u0648\u0642\u062a \u062a\u062d\u062a\u0627\u062c \u0625\u0644\u064a\u0647.<\/strong><\/p>\n\n\n\n<p><\/p>\n\n\n\n<div>\n  <a href=\"\/reservation\" class=\"btn btn-lg btn-secondary\">Book now<\/a>\n<\/div>\n\n\n\n<p><\/p>\n","protected":false},"excerpt":{"rendered":"<p>\u0647\u0630\u0647 \u0627\u0644\u062e\u062f\u0645\u0629 \u0645\u062b\u0627\u0644\u064a\u0629 \u0644\u0644\u0623\u063a\u0631\u0627\u0636 \u0627\u0644\u062a\u062c\u0627\u0631\u064a\u0629 \u0648\u0627\u0644\u062e\u0627\u0635\u0629\u060c \u0645\u062b\u0644: \u0627\u0644\u0645\u0645\u064a\u0632\u0627\u062a \u0627\u0644\u0631\u0626\u064a\u0633\u064a\u0629: \u0644\u0627 \u062f\u0627\u0639\u064a \u0644\u062a\u0642\u062f\u064a\u0645 \u062c\u062f\u0648\u0644 \u0632\u0645\u0646\u064a \u0645\u0641\u0635\u0644 \u0645\u0633\u0628\u0642\u064b\u0627.\u0633\u062a\u0643\u0648\u0646 \u0627\u0644\u0633\u064a\u0627\u0631\u0629 \u0641\u064a \u062e\u062f\u0645\u062a\u0643 \u0644\u062a\u0648\u0641\u064a\u0631 \u0627\u0644\u0646\u0642\u0644 \u0641\u064a \u0623\u064a \u0648\u0642\u062a \u062a\u062d\u062a\u0627\u062c \u0625\u0644\u064a\u0647. Book now<\/p>\n","protected":false},"author":2,"featured_media":17166,"parent":0,"menu_order":0,"comment_status":"closed","ping_status":"closed","template":"parts\/detail-service-page.php","meta":{"_acf_changed":false,"inline_featured_image":false,"footnotes":""},"class_list":["post-131","page","type-page","status-publish","has-post-thumbnail","hentry"],"acf":[],"yoast_head":"<!-- This site is optimized with the Yoast SEO plugin v26.0 - https:\/\/yoast.com\/wordpress\/plugins\/seo\/ -->\n<title>Hourly vehicle rental | Almasyf.cz | Limousine service &amp; transfer<\/title>\n<meta name=\"description\" content=\"We offer hourly vehicle rental with chauffeur. Book a vehicle for a set number of hours and don&#039;t be limited by time or location.\" \/>\n<meta name=\"robots\" content=\"index, follow, max-snippet:-1, max-image-preview:large, max-video-preview:-1\" \/>\n<link rel=\"canonical\" href=\"https:\/\/www.almasyf.cz\/ar\/hourly-vehicle-rental\/\" \/>\n<meta property=\"og:locale\" content=\"cs_CZ\" \/>\n<meta property=\"og:type\" content=\"article\" \/>\n<meta property=\"og:title\" content=\"Hourly vehicle rental | Almasyf.cz | Limousine service &amp; transfer\" \/>\n<meta property=\"og:description\" content=\"We offer hourly vehicle rental with chauffeur. Book a vehicle for a set number of hours and don&#039;t be limited by time or location.\" \/>\n<meta property=\"og:url\" content=\"https:\/\/www.almasyf.cz\/ar\/hourly-vehicle-rental\/\" \/>\n<meta property=\"og:site_name\" content=\"Almasyf.cz | AR\" \/>\n<meta property=\"article:modified_time\" content=\"2025-04-11T10:53:10+00:00\" \/>\n<meta property=\"og:image\" content=\"http:\/\/www.almasyf.cz\/ar\/wp-content\/uploads\/sites\/3\/2024\/12\/hourly.jpg\" \/>\n\t<meta property=\"og:image:width\" content=\"1796\" \/>\n\t<meta property=\"og:image:height\" content=\"1564\" \/>\n\t<meta property=\"og:image:type\" content=\"image\/jpeg\" \/>\n<meta name=\"twitter:card\" content=\"summary_large_image\" \/>\n<meta name=\"twitter:label1\" content=\"Odhadovan\u00e1 doba \u010dten\u00ed\" \/>\n\t<meta name=\"twitter:data1\" content=\"1 minuta\" \/>\n<script type=\"application\/ld+json\" class=\"yoast-schema-graph\">{\"@context\":\"https:\/\/schema.org\",\"@graph\":[{\"@type\":\"WebPage\",\"@id\":\"https:\/\/www.almasyf.cz\/ar\/hourly-vehicle-rental\/\",\"url\":\"https:\/\/www.almasyf.cz\/ar\/hourly-vehicle-rental\/\",\"name\":\"Hourly vehicle rental | Almasyf.cz | Limousine service & transfer\",\"isPartOf\":{\"@id\":\"https:\/\/www.almasyf.cz\/ar\/#website\"},\"primaryImageOfPage\":{\"@id\":\"https:\/\/www.almasyf.cz\/ar\/hourly-vehicle-rental\/#primaryimage\"},\"image\":{\"@id\":\"https:\/\/www.almasyf.cz\/ar\/hourly-vehicle-rental\/#primaryimage\"},\"thumbnailUrl\":\"https:\/\/www.almasyf.cz\/ar\/wp-content\/uploads\/sites\/3\/2024\/12\/hourly.jpg\",\"datePublished\":\"2024-02-26T16:16:57+00:00\",\"dateModified\":\"2025-04-11T10:53:10+00:00\",\"description\":\"We offer hourly vehicle rental with chauffeur. Book a vehicle for a set number of hours and don't be limited by time or location.\",\"breadcrumb\":{\"@id\":\"https:\/\/www.almasyf.cz\/ar\/hourly-vehicle-rental\/#breadcrumb\"},\"inLanguage\":\"cs\",\"potentialAction\":[{\"@type\":\"ReadAction\",\"target\":[\"https:\/\/www.almasyf.cz\/ar\/hourly-vehicle-rental\/\"]}]},{\"@type\":\"ImageObject\",\"inLanguage\":\"cs\",\"@id\":\"https:\/\/www.almasyf.cz\/ar\/hourly-vehicle-rental\/#primaryimage\",\"url\":\"https:\/\/www.almasyf.cz\/ar\/wp-content\/uploads\/sites\/3\/2024\/12\/hourly.jpg\",\"contentUrl\":\"https:\/\/www.almasyf.cz\/ar\/wp-content\/uploads\/sites\/3\/2024\/12\/hourly.jpg\",\"width\":1796,\"height\":1564},{\"@type\":\"BreadcrumbList\",\"@id\":\"https:\/\/www.almasyf.cz\/ar\/hourly-vehicle-rental\/#breadcrumb\",\"itemListElement\":[{\"@type\":\"ListItem\",\"position\":1,\"name\":\"Dom\u016f\",\"item\":\"https:\/\/www.almasyf.cz\/ar\/\"},{\"@type\":\"ListItem\",\"position\":2,\"name\":\"\u062a\u0623\u062c\u064a\u0631 \u0627\u0644\u0645\u0631\u0643\u0628\u0627\u062a \u0628\u0646\u0638\u0627\u0645 \u0627\u0644\u0633\u0627\u0639\u0629\"}]},{\"@type\":\"WebSite\",\"@id\":\"https:\/\/www.almasyf.cz\/ar\/#website\",\"url\":\"https:\/\/www.almasyf.cz\/ar\/\",\"name\":\"Almasyf.cz | AR\",\"description\":\"\",\"potentialAction\":[{\"@type\":\"SearchAction\",\"target\":{\"@type\":\"EntryPoint\",\"urlTemplate\":\"https:\/\/www.almasyf.cz\/ar\/?s={search_term_string}\"},\"query-input\":{\"@type\":\"PropertyValueSpecification\",\"valueRequired\":true,\"valueName\":\"search_term_string\"}}],\"inLanguage\":\"cs\"}]}<\/script>\n<!-- \/ Yoast SEO plugin. -->","yoast_head_json":{"title":"Hourly vehicle rental | Almasyf.cz | Limousine service & transfer","description":"We offer hourly vehicle rental with chauffeur. Book a vehicle for a set number of hours and don't be limited by time or location.","robots":{"index":"index","follow":"follow","max-snippet":"max-snippet:-1","max-image-preview":"max-image-preview:large","max-video-preview":"max-video-preview:-1"},"canonical":"https:\/\/www.almasyf.cz\/ar\/hourly-vehicle-rental\/","og_locale":"cs_CZ","og_type":"article","og_title":"Hourly vehicle rental | Almasyf.cz | Limousine service & transfer","og_description":"We offer hourly vehicle rental with chauffeur. Book a vehicle for a set number of hours and don't be limited by time or location.","og_url":"https:\/\/www.almasyf.cz\/ar\/hourly-vehicle-rental\/","og_site_name":"Almasyf.cz | AR","article_modified_time":"2025-04-11T10:53:10+00:00","og_image":[{"width":1796,"height":1564,"url":"http:\/\/www.almasyf.cz\/ar\/wp-content\/uploads\/sites\/3\/2024\/12\/hourly.jpg","type":"image\/jpeg"}],"twitter_card":"summary_large_image","twitter_misc":{"Odhadovan\u00e1 doba \u010dten\u00ed":"1 minuta"},"schema":{"@context":"https:\/\/schema.org","@graph":[{"@type":"WebPage","@id":"https:\/\/www.almasyf.cz\/ar\/hourly-vehicle-rental\/","url":"https:\/\/www.almasyf.cz\/ar\/hourly-vehicle-rental\/","name":"Hourly vehicle rental | Almasyf.cz | Limousine service & transfer","isPartOf":{"@id":"https:\/\/www.almasyf.cz\/ar\/#website"},"primaryImageOfPage":{"@id":"https:\/\/www.almasyf.cz\/ar\/hourly-vehicle-rental\/#primaryimage"},"image":{"@id":"https:\/\/www.almasyf.cz\/ar\/hourly-vehicle-rental\/#primaryimage"},"thumbnailUrl":"https:\/\/www.almasyf.cz\/ar\/wp-content\/uploads\/sites\/3\/2024\/12\/hourly.jpg","datePublished":"2024-02-26T16:16:57+00:00","dateModified":"2025-04-11T10:53:10+00:00","description":"We offer hourly vehicle rental with chauffeur. Book a vehicle for a set number of hours and don't be limited by time or location.","breadcrumb":{"@id":"https:\/\/www.almasyf.cz\/ar\/hourly-vehicle-rental\/#breadcrumb"},"inLanguage":"cs","potentialAction":[{"@type":"ReadAction","target":["https:\/\/www.almasyf.cz\/ar\/hourly-vehicle-rental\/"]}]},{"@type":"ImageObject","inLanguage":"cs","@id":"https:\/\/www.almasyf.cz\/ar\/hourly-vehicle-rental\/#primaryimage","url":"https:\/\/www.almasyf.cz\/ar\/wp-content\/uploads\/sites\/3\/2024\/12\/hourly.jpg","contentUrl":"https:\/\/www.almasyf.cz\/ar\/wp-content\/uploads\/sites\/3\/2024\/12\/hourly.jpg","width":1796,"height":1564},{"@type":"BreadcrumbList","@id":"https:\/\/www.almasyf.cz\/ar\/hourly-vehicle-rental\/#breadcrumb","itemListElement":[{"@type":"ListItem","position":1,"name":"Dom\u016f","item":"https:\/\/www.almasyf.cz\/ar\/"},{"@type":"ListItem","position":2,"name":"\u062a\u0623\u062c\u064a\u0631 \u0627\u0644\u0645\u0631\u0643\u0628\u0627\u062a \u0628\u0646\u0638\u0627\u0645 \u0627\u0644\u0633\u0627\u0639\u0629"}]},{"@type":"WebSite","@id":"https:\/\/www.almasyf.cz\/ar\/#website","url":"https:\/\/www.almasyf.cz\/ar\/","name":"Almasyf.cz | AR","description":"","potentialAction":[{"@type":"SearchAction","target":{"@type":"EntryPoint","urlTemplate":"https:\/\/www.almasyf.cz\/ar\/?s={search_term_string}"},"query-input":{"@type":"PropertyValueSpecification","valueRequired":true,"valueName":"search_term_string"}}],"inLanguage":"cs"}]}},"_links":{"self":[{"href":"https:\/\/www.almasyf.cz\/ar\/wp-json\/wp\/v2\/pages\/131","targetHints":{"allow":["GET"]}}],"collection":[{"href":"https:\/\/www.almasyf.cz\/ar\/wp-json\/wp\/v2\/pages"}],"about":[{"href":"https:\/\/www.almasyf.cz\/ar\/wp-json\/wp\/v2\/types\/page"}],"author":[{"embeddable":true,"href":"https:\/\/www.almasyf.cz\/ar\/wp-json\/wp\/v2\/users\/2"}],"replies":[{"embeddable":true,"href":"https:\/\/www.almasyf.cz\/ar\/wp-json\/wp\/v2\/comments?post=131"}],"version-history":[{"count":5,"href":"https:\/\/www.almasyf.cz\/ar\/wp-json\/wp\/v2\/pages\/131\/revisions"}],"predecessor-version":[{"id":18356,"href":"https:\/\/www.almasyf.cz\/ar\/wp-json\/wp\/v2\/pages\/131\/revisions\/18356"}],"wp:featuredmedia":[{"embeddable":true,"href":"https:\/\/www.almasyf.cz\/ar\/wp-json\/wp\/v2\/media\/17166"}],"wp:attachment":[{"href":"https:\/\/www.almasyf.cz\/ar\/wp-json\/wp\/v2\/media?parent=131"}],"curies":[{"name":"wp","href":"https:\/\/api.w.org\/{rel}","templated":true}]}}