{"id":50,"date":"2024-02-16T15:36:47","date_gmt":"2024-02-16T15:36:47","guid":{"rendered":"http:\/\/almasyf.mdworks-dev.cz\/?page_id=50"},"modified":"2024-07-24T12:06:57","modified_gmt":"2024-07-24T10:06:57","slug":"sluzby","status":"publish","type":"page","link":"https:\/\/www.almasyf.cz\/cz\/sluzby\/","title":{"rendered":"Slu\u017eby"},"content":{"rendered":"\n<p>Nab\u00edz\u00edme VIP slu\u017eby v oblasti transfer\u016f v&nbsp;nadstandardn\u00ed p\u00e9\u010di a profesionalit\u011b. Specializujeme se na pron\u00e1jem luxusn\u00edch voz\u016f s \u0159idi\u010dem v Praze, \u010cesk\u00e9 republice i EU pro leti\u0161tn\u00ed a business transfery, hodinov\u00e9 pron\u00e1jmy i dopravu pro vl\u00e1dn\u00ed a diplomatick\u00e9 delegace. Poskytujeme tak\u00e9 osobn\u00ed ochranu, slu\u017eby pro business a osobn\u00ed ud\u00e1losti a kompletn\u00ed servis private jet na termin\u00e1lu T3. Na\u0161i zku\u0161en\u00ed \u0159idi\u010di jsou profesion\u00e1lov\u00e9 a pracuj\u00ed jako jeden t\u00fdm. P\u0159edev\u0161\u00edm ale ocen\u00edte na\u0161i exkluzivn\u00ed flotilu nejnov\u011bj\u0161\u00edch model\u016f voz\u016f zna\u010dky <span class=\"no-wrap\">Mercedes-Benz<\/span>.<\/p>\n","protected":false},"excerpt":{"rendered":"<p>Nab\u00edz\u00edme VIP slu\u017eby v oblasti transfer\u016f v&nbsp;nadstandardn\u00ed p\u00e9\u010di a profesionalit\u011b. Specializujeme se na pron\u00e1jem luxusn\u00edch voz\u016f s \u0159idi\u010dem v Praze, \u010cesk\u00e9 republice i EU pro leti\u0161tn\u00ed a business transfery, hodinov\u00e9 pron\u00e1jmy i dopravu pro vl\u00e1dn\u00ed a diplomatick\u00e9 delegace. Poskytujeme tak\u00e9 osobn\u00ed ochranu, slu\u017eby pro business a osobn\u00ed ud\u00e1losti a kompletn\u00ed servis private jet na termin\u00e1lu [&hellip;]<\/p>\n","protected":false},"author":2,"featured_media":0,"parent":0,"menu_order":0,"comment_status":"closed","ping_status":"closed","template":"parts\/services-page.php","meta":{"_acf_changed":false,"inline_featured_image":false,"footnotes":""},"class_list":["post-50","page","type-page","status-publish","hentry"],"acf":[],"yoast_head":"<!-- This site is optimized with the Yoast SEO plugin v26.0 - https:\/\/yoast.com\/wordpress\/plugins\/seo\/ -->\n<title>Slu\u017eby | Almasyf.cz | Limuz\u00edny Praha<\/title>\n<meta name=\"description\" content=\"Nab\u00edz\u00edme VIP slu\u017eby v oblasti transfer\u016f v nadstandardn\u00ed p\u00e9\u010di. Specializujeme se na pron\u00e1jem luxusn\u00edch voz\u016f pro leti\u0161tn\u00ed a business transfery.\" \/>\n<meta name=\"robots\" content=\"index, follow, max-snippet:-1, max-image-preview:large, max-video-preview:-1\" \/>\n<link rel=\"canonical\" href=\"https:\/\/www.almasyf.cz\/cz\/sluzby\/\" \/>\n<meta property=\"og:locale\" content=\"cs_CZ\" \/>\n<meta property=\"og:type\" content=\"article\" \/>\n<meta property=\"og:title\" content=\"Slu\u017eby | Almasyf.cz | Limuz\u00edny Praha\" \/>\n<meta property=\"og:description\" content=\"Nab\u00edz\u00edme VIP slu\u017eby v oblasti transfer\u016f v nadstandardn\u00ed p\u00e9\u010di. Specializujeme se na pron\u00e1jem luxusn\u00edch voz\u016f pro leti\u0161tn\u00ed a business transfery.\" \/>\n<meta property=\"og:url\" content=\"https:\/\/www.almasyf.cz\/cz\/sluzby\/\" \/>\n<meta property=\"og:site_name\" content=\"Almasyf.cz | Limuz\u00edny Praha\" \/>\n<meta property=\"article:modified_time\" content=\"2024-07-24T10:06:57+00:00\" \/>\n<meta name=\"twitter:card\" content=\"summary_large_image\" \/>\n<meta name=\"twitter:label1\" content=\"Odhadovan\u00e1 doba \u010dten\u00ed\" \/>\n\t<meta name=\"twitter:data1\" content=\"1 minuta\" \/>\n<script type=\"application\/ld+json\" class=\"yoast-schema-graph\">{\"@context\":\"https:\/\/schema.org\",\"@graph\":[{\"@type\":\"WebPage\",\"@id\":\"https:\/\/www.almasyf.cz\/cz\/sluzby\/\",\"url\":\"https:\/\/www.almasyf.cz\/cz\/sluzby\/\",\"name\":\"Slu\u017eby | Almasyf.cz | Limuz\u00edny Praha\",\"isPartOf\":{\"@id\":\"https:\/\/www.almasyf.cz\/cz\/#website\"},\"datePublished\":\"2024-02-16T15:36:47+00:00\",\"dateModified\":\"2024-07-24T10:06:57+00:00\",\"description\":\"Nab\u00edz\u00edme VIP slu\u017eby v oblasti transfer\u016f v nadstandardn\u00ed p\u00e9\u010di. Specializujeme se na pron\u00e1jem luxusn\u00edch voz\u016f pro leti\u0161tn\u00ed a business transfery.\",\"breadcrumb\":{\"@id\":\"https:\/\/www.almasyf.cz\/cz\/sluzby\/#breadcrumb\"},\"inLanguage\":\"cs\",\"potentialAction\":[{\"@type\":\"ReadAction\",\"target\":[\"https:\/\/www.almasyf.cz\/cz\/sluzby\/\"]}]},{\"@type\":\"BreadcrumbList\",\"@id\":\"https:\/\/www.almasyf.cz\/cz\/sluzby\/#breadcrumb\",\"itemListElement\":[{\"@type\":\"ListItem\",\"position\":1,\"name\":\"Dom\u016f\",\"item\":\"https:\/\/www.almasyf.cz\/cz\/\"},{\"@type\":\"ListItem\",\"position\":2,\"name\":\"Slu\u017eby\"}]},{\"@type\":\"WebSite\",\"@id\":\"https:\/\/www.almasyf.cz\/cz\/#website\",\"url\":\"https:\/\/www.almasyf.cz\/cz\/\",\"name\":\"almasyf.cz - CZ\",\"description\":\"\",\"potentialAction\":[{\"@type\":\"SearchAction\",\"target\":{\"@type\":\"EntryPoint\",\"urlTemplate\":\"https:\/\/www.almasyf.cz\/cz\/?s={search_term_string}\"},\"query-input\":{\"@type\":\"PropertyValueSpecification\",\"valueRequired\":true,\"valueName\":\"search_term_string\"}}],\"inLanguage\":\"cs\"}]}<\/script>\n<!-- \/ Yoast SEO plugin. -->","yoast_head_json":{"title":"Slu\u017eby | Almasyf.cz | Limuz\u00edny Praha","description":"Nab\u00edz\u00edme VIP slu\u017eby v oblasti transfer\u016f v nadstandardn\u00ed p\u00e9\u010di. Specializujeme se na pron\u00e1jem luxusn\u00edch voz\u016f pro leti\u0161tn\u00ed a business transfery.","robots":{"index":"index","follow":"follow","max-snippet":"max-snippet:-1","max-image-preview":"max-image-preview:large","max-video-preview":"max-video-preview:-1"},"canonical":"https:\/\/www.almasyf.cz\/cz\/sluzby\/","og_locale":"cs_CZ","og_type":"article","og_title":"Slu\u017eby | Almasyf.cz | Limuz\u00edny Praha","og_description":"Nab\u00edz\u00edme VIP slu\u017eby v oblasti transfer\u016f v nadstandardn\u00ed p\u00e9\u010di. Specializujeme se na pron\u00e1jem luxusn\u00edch voz\u016f pro leti\u0161tn\u00ed a business transfery.","og_url":"https:\/\/www.almasyf.cz\/cz\/sluzby\/","og_site_name":"Almasyf.cz | Limuz\u00edny Praha","article_modified_time":"2024-07-24T10:06:57+00:00","twitter_card":"summary_large_image","twitter_misc":{"Odhadovan\u00e1 doba \u010dten\u00ed":"1 minuta"},"schema":{"@context":"https:\/\/schema.org","@graph":[{"@type":"WebPage","@id":"https:\/\/www.almasyf.cz\/cz\/sluzby\/","url":"https:\/\/www.almasyf.cz\/cz\/sluzby\/","name":"Slu\u017eby | Almasyf.cz | Limuz\u00edny Praha","isPartOf":{"@id":"https:\/\/www.almasyf.cz\/cz\/#website"},"datePublished":"2024-02-16T15:36:47+00:00","dateModified":"2024-07-24T10:06:57+00:00","description":"Nab\u00edz\u00edme VIP slu\u017eby v oblasti transfer\u016f v nadstandardn\u00ed p\u00e9\u010di. Specializujeme se na pron\u00e1jem luxusn\u00edch voz\u016f pro leti\u0161tn\u00ed a business transfery.","breadcrumb":{"@id":"https:\/\/www.almasyf.cz\/cz\/sluzby\/#breadcrumb"},"inLanguage":"cs","potentialAction":[{"@type":"ReadAction","target":["https:\/\/www.almasyf.cz\/cz\/sluzby\/"]}]},{"@type":"BreadcrumbList","@id":"https:\/\/www.almasyf.cz\/cz\/sluzby\/#breadcrumb","itemListElement":[{"@type":"ListItem","position":1,"name":"Dom\u016f","item":"https:\/\/www.almasyf.cz\/cz\/"},{"@type":"ListItem","position":2,"name":"Slu\u017eby"}]},{"@type":"WebSite","@id":"https:\/\/www.almasyf.cz\/cz\/#website","url":"https:\/\/www.almasyf.cz\/cz\/","name":"almasyf.cz - CZ","description":"","potentialAction":[{"@type":"SearchAction","target":{"@type":"EntryPoint","urlTemplate":"https:\/\/www.almasyf.cz\/cz\/?s={search_term_string}"},"query-input":{"@type":"PropertyValueSpecification","valueRequired":true,"valueName":"search_term_string"}}],"inLanguage":"cs"}]}},"_links":{"self":[{"href":"https:\/\/www.almasyf.cz\/cz\/wp-json\/wp\/v2\/pages\/50","targetHints":{"allow":["GET"]}}],"collection":[{"href":"https:\/\/www.almasyf.cz\/cz\/wp-json\/wp\/v2\/pages"}],"about":[{"href":"https:\/\/www.almasyf.cz\/cz\/wp-json\/wp\/v2\/types\/page"}],"author":[{"embeddable":true,"href":"https:\/\/www.almasyf.cz\/cz\/wp-json\/wp\/v2\/users\/2"}],"replies":[{"embeddable":true,"href":"https:\/\/www.almasyf.cz\/cz\/wp-json\/wp\/v2\/comments?post=50"}],"version-history":[{"count":1,"href":"https:\/\/www.almasyf.cz\/cz\/wp-json\/wp\/v2\/pages\/50\/revisions"}],"predecessor-version":[{"id":863,"href":"https:\/\/www.almasyf.cz\/cz\/wp-json\/wp\/v2\/pages\/50\/revisions\/863"}],"wp:attachment":[{"href":"https:\/\/www.almasyf.cz\/cz\/wp-json\/wp\/v2\/media?parent=50"}],"curies":[{"name":"wp","href":"https:\/\/api.w.org\/{rel}","templated":true}]}}