{"id":57,"date":"2024-02-19T12:34:34","date_gmt":"2024-02-19T12:34:34","guid":{"rendered":"http:\/\/almasyf.mdworks-dev.cz\/?page_id=57"},"modified":"2025-07-24T09:57:17","modified_gmt":"2025-07-24T07:57:17","slug":"delegace-a-diplomaticke-transfery","status":"publish","type":"page","link":"https:\/\/www.almasyf.cz\/cz\/delegace-a-diplomaticke-transfery\/","title":{"rendered":"Delegace a diplomatick\u00e9 transfery"},"content":{"rendered":"\n<h1 class=\"wp-block-heading\">Nab\u00edz\u00edme V\u00e1m tyto slu\u017eby<\/h1>\n\n\n\n<p>V oblasti organizace transfer\u016f v r\u00e1mci vl\u00e1dn\u00edch delegac\u00ed a diplomatick\u00fdch n\u00e1v\u0161t\u011bv m\u00e1me letit\u00e9 zku\u0161enosti a odborn\u00e9 znalosti. N\u00e1\u0161 t\u00fdm profesion\u00e1ln\u00edch \u0159idi\u010d\u016f je speci\u00e1ln\u011b vy\u0161kolen tak, aby zajistil bezpe\u010dnou j\u00edzdu p\u0159i respektov\u00e1n\u00ed protokolu a \u010dasov\u00fdch pl\u00e1n\u016f. <strong>Dokonal\u00e1 znalost m\u00edstn\u00edch tras<\/strong> a aktu\u00e1ln\u00edho d\u011bn\u00ed ve m\u011bst\u011b, jsou z\u00e1rukou hladk\u00e9ho pr\u016fb\u011bhu takto organiza\u010dn\u011b n\u00e1ro\u010dn\u00fdch akc\u00ed. Jsme schopni zajistit v\u00edce ne\u017e 30 voz\u016f a zorganizovat takto velk\u00fd konvoj ruku v ruce s ve\u0161ker\u00fdmi n\u00e1le\u017eitostmi. Zajist\u00edme pro v\u00e1s i <strong>doprovodn\u00e1 vozidla<\/strong> jako jsou <strong>luggage vany<\/strong>, nebo vozy slou\u017e\u00edc\u00ed pro p\u0159epravu ochrann\u00e9 slu\u017eby, psovod\u016f \u010di techniky. Nab\u00edz\u00edme rovn\u011b\u017e v r\u00e1mci na\u0161\u00ed slu\u017eby limousine service i slu\u017ebu osobn\u00ed ochrany.<\/p>\n","protected":false},"excerpt":{"rendered":"<p>Nab\u00edz\u00edme V\u00e1m tyto slu\u017eby V oblasti organizace transfer\u016f v r\u00e1mci vl\u00e1dn\u00edch delegac\u00ed a diplomatick\u00fdch n\u00e1v\u0161t\u011bv m\u00e1me letit\u00e9 zku\u0161enosti a odborn\u00e9 znalosti. N\u00e1\u0161 t\u00fdm profesion\u00e1ln\u00edch \u0159idi\u010d\u016f je speci\u00e1ln\u011b vy\u0161kolen tak, aby zajistil bezpe\u010dnou j\u00edzdu p\u0159i respektov\u00e1n\u00ed protokolu a \u010dasov\u00fdch pl\u00e1n\u016f. Dokonal\u00e1 znalost m\u00edstn\u00edch tras a aktu\u00e1ln\u00edho d\u011bn\u00ed ve m\u011bst\u011b, jsou z\u00e1rukou hladk\u00e9ho pr\u016fb\u011bhu takto organiza\u010dn\u011b n\u00e1ro\u010dn\u00fdch [&hellip;]<\/p>\n","protected":false},"author":2,"featured_media":560,"parent":0,"menu_order":0,"comment_status":"closed","ping_status":"closed","template":"parts\/delegace-new-page.php","meta":{"_acf_changed":false,"inline_featured_image":false,"footnotes":""},"class_list":["post-57","page","type-page","status-publish","has-post-thumbnail","hentry"],"acf":[],"yoast_head":"<!-- This site is optimized with the Yoast SEO plugin v26.0 - https:\/\/yoast.com\/wordpress\/plugins\/seo\/ -->\n<title>Delegace &amp; diplomatick\u00e9 transfery<\/title>\n<meta name=\"description\" content=\"Nab\u00edz\u00edme VIP transfery pro delegace a diplomatick\u00e9 n\u00e1v\u0161t\u011bvy. Zorganizujeme bezpe\u010dn\u00fd a profesion\u00e1ln\u00ed p\u0159esun s maxim\u00e1ln\u00edm komfortem.\" \/>\n<meta name=\"robots\" content=\"index, follow, max-snippet:-1, max-image-preview:large, max-video-preview:-1\" \/>\n<link rel=\"canonical\" href=\"https:\/\/www.almasyf.cz\/cz\/delegace-a-diplomaticke-transfery\/\" \/>\n<meta property=\"og:locale\" content=\"cs_CZ\" \/>\n<meta property=\"og:type\" content=\"article\" \/>\n<meta property=\"og:title\" content=\"Delegace &amp; diplomatick\u00e9 transfery\" \/>\n<meta property=\"og:description\" content=\"Nab\u00edz\u00edme VIP transfery pro delegace a diplomatick\u00e9 n\u00e1v\u0161t\u011bvy. Zorganizujeme bezpe\u010dn\u00fd a profesion\u00e1ln\u00ed p\u0159esun s maxim\u00e1ln\u00edm komfortem.\" \/>\n<meta property=\"og:url\" content=\"https:\/\/www.almasyf.cz\/cz\/delegace-a-diplomaticke-transfery\/\" \/>\n<meta property=\"og:site_name\" content=\"Almasyf.cz | Limuz\u00edny Praha\" \/>\n<meta property=\"article:modified_time\" content=\"2025-07-24T07:57:17+00:00\" \/>\n<meta property=\"og:image\" content=\"http:\/\/www.almasyf.cz\/cz\/wp-content\/uploads\/sites\/2\/2024\/03\/zajisteni_transferu_new.webp\" \/>\n\t<meta property=\"og:image:width\" content=\"1796\" \/>\n\t<meta property=\"og:image:height\" content=\"1564\" \/>\n\t<meta property=\"og:image:type\" content=\"image\/webp\" \/>\n<meta name=\"twitter:card\" content=\"summary_large_image\" \/>\n<meta name=\"twitter:label1\" content=\"Odhadovan\u00e1 doba \u010dten\u00ed\" \/>\n\t<meta name=\"twitter:data1\" content=\"1 minuta\" \/>\n<script type=\"application\/ld+json\" class=\"yoast-schema-graph\">{\"@context\":\"https:\/\/schema.org\",\"@graph\":[{\"@type\":\"WebPage\",\"@id\":\"https:\/\/www.almasyf.cz\/cz\/delegace-a-diplomaticke-transfery\/\",\"url\":\"https:\/\/www.almasyf.cz\/cz\/delegace-a-diplomaticke-transfery\/\",\"name\":\"Delegace & diplomatick\u00e9 transfery\",\"isPartOf\":{\"@id\":\"https:\/\/www.almasyf.cz\/cz\/#website\"},\"primaryImageOfPage\":{\"@id\":\"https:\/\/www.almasyf.cz\/cz\/delegace-a-diplomaticke-transfery\/#primaryimage\"},\"image\":{\"@id\":\"https:\/\/www.almasyf.cz\/cz\/delegace-a-diplomaticke-transfery\/#primaryimage\"},\"thumbnailUrl\":\"https:\/\/www.almasyf.cz\/cz\/wp-content\/uploads\/sites\/2\/2024\/03\/zajisteni_transferu_new.webp\",\"datePublished\":\"2024-02-19T12:34:34+00:00\",\"dateModified\":\"2025-07-24T07:57:17+00:00\",\"description\":\"Nab\u00edz\u00edme VIP transfery pro delegace a diplomatick\u00e9 n\u00e1v\u0161t\u011bvy. Zorganizujeme bezpe\u010dn\u00fd a profesion\u00e1ln\u00ed p\u0159esun s maxim\u00e1ln\u00edm komfortem.\",\"breadcrumb\":{\"@id\":\"https:\/\/www.almasyf.cz\/cz\/delegace-a-diplomaticke-transfery\/#breadcrumb\"},\"inLanguage\":\"cs\",\"potentialAction\":[{\"@type\":\"ReadAction\",\"target\":[\"https:\/\/www.almasyf.cz\/cz\/delegace-a-diplomaticke-transfery\/\"]}]},{\"@type\":\"ImageObject\",\"inLanguage\":\"cs\",\"@id\":\"https:\/\/www.almasyf.cz\/cz\/delegace-a-diplomaticke-transfery\/#primaryimage\",\"url\":\"https:\/\/www.almasyf.cz\/cz\/wp-content\/uploads\/sites\/2\/2024\/03\/zajisteni_transferu_new.webp\",\"contentUrl\":\"https:\/\/www.almasyf.cz\/cz\/wp-content\/uploads\/sites\/2\/2024\/03\/zajisteni_transferu_new.webp\",\"width\":1796,\"height\":1564},{\"@type\":\"BreadcrumbList\",\"@id\":\"https:\/\/www.almasyf.cz\/cz\/delegace-a-diplomaticke-transfery\/#breadcrumb\",\"itemListElement\":[{\"@type\":\"ListItem\",\"position\":1,\"name\":\"Dom\u016f\",\"item\":\"https:\/\/www.almasyf.cz\/cz\/\"},{\"@type\":\"ListItem\",\"position\":2,\"name\":\"Delegace a diplomatick\u00e9 transfery\"}]},{\"@type\":\"WebSite\",\"@id\":\"https:\/\/www.almasyf.cz\/cz\/#website\",\"url\":\"https:\/\/www.almasyf.cz\/cz\/\",\"name\":\"almasyf.cz - CZ\",\"description\":\"\",\"potentialAction\":[{\"@type\":\"SearchAction\",\"target\":{\"@type\":\"EntryPoint\",\"urlTemplate\":\"https:\/\/www.almasyf.cz\/cz\/?s={search_term_string}\"},\"query-input\":{\"@type\":\"PropertyValueSpecification\",\"valueRequired\":true,\"valueName\":\"search_term_string\"}}],\"inLanguage\":\"cs\"}]}<\/script>\n<!-- \/ Yoast SEO plugin. -->","yoast_head_json":{"title":"Delegace & diplomatick\u00e9 transfery","description":"Nab\u00edz\u00edme VIP transfery pro delegace a diplomatick\u00e9 n\u00e1v\u0161t\u011bvy. Zorganizujeme bezpe\u010dn\u00fd a profesion\u00e1ln\u00ed p\u0159esun s maxim\u00e1ln\u00edm komfortem.","robots":{"index":"index","follow":"follow","max-snippet":"max-snippet:-1","max-image-preview":"max-image-preview:large","max-video-preview":"max-video-preview:-1"},"canonical":"https:\/\/www.almasyf.cz\/cz\/delegace-a-diplomaticke-transfery\/","og_locale":"cs_CZ","og_type":"article","og_title":"Delegace & diplomatick\u00e9 transfery","og_description":"Nab\u00edz\u00edme VIP transfery pro delegace a diplomatick\u00e9 n\u00e1v\u0161t\u011bvy. Zorganizujeme bezpe\u010dn\u00fd a profesion\u00e1ln\u00ed p\u0159esun s maxim\u00e1ln\u00edm komfortem.","og_url":"https:\/\/www.almasyf.cz\/cz\/delegace-a-diplomaticke-transfery\/","og_site_name":"Almasyf.cz | Limuz\u00edny Praha","article_modified_time":"2025-07-24T07:57:17+00:00","og_image":[{"width":1796,"height":1564,"url":"http:\/\/www.almasyf.cz\/cz\/wp-content\/uploads\/sites\/2\/2024\/03\/zajisteni_transferu_new.webp","type":"image\/webp"}],"twitter_card":"summary_large_image","twitter_misc":{"Odhadovan\u00e1 doba \u010dten\u00ed":"1 minuta"},"schema":{"@context":"https:\/\/schema.org","@graph":[{"@type":"WebPage","@id":"https:\/\/www.almasyf.cz\/cz\/delegace-a-diplomaticke-transfery\/","url":"https:\/\/www.almasyf.cz\/cz\/delegace-a-diplomaticke-transfery\/","name":"Delegace & diplomatick\u00e9 transfery","isPartOf":{"@id":"https:\/\/www.almasyf.cz\/cz\/#website"},"primaryImageOfPage":{"@id":"https:\/\/www.almasyf.cz\/cz\/delegace-a-diplomaticke-transfery\/#primaryimage"},"image":{"@id":"https:\/\/www.almasyf.cz\/cz\/delegace-a-diplomaticke-transfery\/#primaryimage"},"thumbnailUrl":"https:\/\/www.almasyf.cz\/cz\/wp-content\/uploads\/sites\/2\/2024\/03\/zajisteni_transferu_new.webp","datePublished":"2024-02-19T12:34:34+00:00","dateModified":"2025-07-24T07:57:17+00:00","description":"Nab\u00edz\u00edme VIP transfery pro delegace a diplomatick\u00e9 n\u00e1v\u0161t\u011bvy. Zorganizujeme bezpe\u010dn\u00fd a profesion\u00e1ln\u00ed p\u0159esun s maxim\u00e1ln\u00edm komfortem.","breadcrumb":{"@id":"https:\/\/www.almasyf.cz\/cz\/delegace-a-diplomaticke-transfery\/#breadcrumb"},"inLanguage":"cs","potentialAction":[{"@type":"ReadAction","target":["https:\/\/www.almasyf.cz\/cz\/delegace-a-diplomaticke-transfery\/"]}]},{"@type":"ImageObject","inLanguage":"cs","@id":"https:\/\/www.almasyf.cz\/cz\/delegace-a-diplomaticke-transfery\/#primaryimage","url":"https:\/\/www.almasyf.cz\/cz\/wp-content\/uploads\/sites\/2\/2024\/03\/zajisteni_transferu_new.webp","contentUrl":"https:\/\/www.almasyf.cz\/cz\/wp-content\/uploads\/sites\/2\/2024\/03\/zajisteni_transferu_new.webp","width":1796,"height":1564},{"@type":"BreadcrumbList","@id":"https:\/\/www.almasyf.cz\/cz\/delegace-a-diplomaticke-transfery\/#breadcrumb","itemListElement":[{"@type":"ListItem","position":1,"name":"Dom\u016f","item":"https:\/\/www.almasyf.cz\/cz\/"},{"@type":"ListItem","position":2,"name":"Delegace a diplomatick\u00e9 transfery"}]},{"@type":"WebSite","@id":"https:\/\/www.almasyf.cz\/cz\/#website","url":"https:\/\/www.almasyf.cz\/cz\/","name":"almasyf.cz - CZ","description":"","potentialAction":[{"@type":"SearchAction","target":{"@type":"EntryPoint","urlTemplate":"https:\/\/www.almasyf.cz\/cz\/?s={search_term_string}"},"query-input":{"@type":"PropertyValueSpecification","valueRequired":true,"valueName":"search_term_string"}}],"inLanguage":"cs"}]}},"_links":{"self":[{"href":"https:\/\/www.almasyf.cz\/cz\/wp-json\/wp\/v2\/pages\/57","targetHints":{"allow":["GET"]}}],"collection":[{"href":"https:\/\/www.almasyf.cz\/cz\/wp-json\/wp\/v2\/pages"}],"about":[{"href":"https:\/\/www.almasyf.cz\/cz\/wp-json\/wp\/v2\/types\/page"}],"author":[{"embeddable":true,"href":"https:\/\/www.almasyf.cz\/cz\/wp-json\/wp\/v2\/users\/2"}],"replies":[{"embeddable":true,"href":"https:\/\/www.almasyf.cz\/cz\/wp-json\/wp\/v2\/comments?post=57"}],"version-history":[{"count":13,"href":"https:\/\/www.almasyf.cz\/cz\/wp-json\/wp\/v2\/pages\/57\/revisions"}],"predecessor-version":[{"id":2126,"href":"https:\/\/www.almasyf.cz\/cz\/wp-json\/wp\/v2\/pages\/57\/revisions\/2126"}],"wp:featuredmedia":[{"embeddable":true,"href":"https:\/\/www.almasyf.cz\/cz\/wp-json\/wp\/v2\/media\/560"}],"wp:attachment":[{"href":"https:\/\/www.almasyf.cz\/cz\/wp-json\/wp\/v2\/media?parent=57"}],"curies":[{"name":"wp","href":"https:\/\/api.w.org\/{rel}","templated":true}]}}