{"id":603,"date":"2024-03-19T09:56:12","date_gmt":"2024-03-19T09:56:12","guid":{"rendered":"https:\/\/almasyf.mdworks-dev.cz\/?page_id=603"},"modified":"2024-03-19T09:56:12","modified_gmt":"2024-03-19T09:56:12","slug":"ochrana-osobnich-udaju","status":"publish","type":"page","link":"https:\/\/www.almasyf.cz\/cz\/ochrana-osobnich-udaju\/","title":{"rendered":"Ochrana osobn\u00edch \u00fadaj\u016f"},"content":{"rendered":"\n<p>P\u0159\u00edstup na str\u00e1nky www.almasyf.cz nebo n\u011bkter\u00e9 slu\u017eby poskytovan\u00e9 provozovatelem na t\u011bchto internetov\u00fdch str\u00e1nk\u00e1ch mohou b\u00fdt \u00fapln\u011b \u010di \u010d\u00e1ste\u010dn\u011b podm\u00edn\u011bny poskytnut\u00edm n\u011bkter\u00fdch osobn\u00edch \u00fadaj\u016f u\u017eivatele ve smyslu platn\u00e9 pr\u00e1vn\u00ed \u00fapravy, a to a\u0165 u\u017e se souhlasem u\u017eivatele \u010di na z\u00e1klad\u011b jin\u00e9ho pr\u00e1vn\u00edho z\u00e1kladu.<\/p>\n\n\n\n<p>V p\u0159\u00edpad\u011b str\u00e1nek www.almasyf.cz jde o soubory cookies a o n\u00e1sleduj\u00edc\u00ed osobn\u00ed \u00fadaje, kter\u00e9 jsou poskytov\u00e1ny u\u017eivatelem p\u0159i vypln\u011bn\u00ed kontaktn\u00edho formul\u00e1\u0159e: jm\u00e9no, p\u0159\u00edjmen\u00ed, emailov\u00e1 adresa, telefon.<\/p>\n\n\n\n<p>Provozovatel se zavazuje se v\u0161emi osobn\u00edmi \u00fadaji nakl\u00e1dat v souladu s platn\u00fdmi pr\u00e1vn\u00edmi p\u0159edpisy a u\u017e\u00edvat je pouze v rozsahu nezbytn\u00e9m pro napln\u011bn\u00ed \u00fa\u010delu, pro kter\u00fd jsou \u00fadaje z\u00edsk\u00e1v\u00e1ny, co\u017e je v\u00fdhradn\u011b kontaktov\u00e1n\u00ed u\u017eivatele str\u00e1nek na z\u00e1klad\u011b jeho \u017e\u00e1dosti.<\/p>\n\n\n\n<p>\u00dadaje budou zpracov\u00e1v\u00e1ny po dobu nezbytnou k napln\u011bn\u00ed \u00fa\u010delu jejich zpracov\u00e1n\u00ed, maxim\u00e1ln\u011b v\u0161ak po dobu 12 m\u011bs\u00edc\u016f.<\/p>\n\n\n\n<p>Pov\u011b\u0159encem pro ochranu osobn\u00edch \u00fadaj\u016f byl jmenov\u00e1n Pov\u011b\u0159encem pro ochranu osobn\u00edch \u00fadaj\u016f byl jmenov\u00e1n pan Zead Marwan, m\u016f\u017eete jej kontaktovat na adrese info@almasyf.cz.<\/p>\n\n\n\n<h2 class=\"wp-block-heading\">PR\u00c1VA U\u017dIVATELE SOUVISEJ\u00cdC\u00cd SE ZPRACOV\u00c1N\u00cdM OSOBN\u00cdCH \u00daDAJ\u016e<\/h2>\n\n\n\n<ul class=\"wp-block-list\">\n<li>u\u017eivatel m\u00e1 pr\u00e1vo \u017e\u00e1dat o informace o kategori\u00edch zpracov\u00e1van\u00fdch osobn\u00edch \u00fadaj\u016f, \u00fa\u010delu, dob\u011b a povaze zpracov\u00e1n\u00ed a o p\u0159\u00edjemc\u00edch osobn\u00edch \u00fadaj\u016f;<\/li>\n\n\n\n<li>u\u017eivatel m\u00e1 pr\u00e1vo po\u017e\u00e1dat o poskytnut\u00ed kopie zpracov\u00e1van\u00fdch osobn\u00edch \u00fadaj\u016f;<\/li>\n\n\n\n<li>u\u017eivatel m\u00e1 pr\u00e1vo po\u017e\u00e1dat p\u0159i napln\u011bn\u00ed podm\u00ednek stanoven\u00fdch relevantn\u00edmi pr\u00e1vn\u00edmi p\u0159edpisy, aby osobn\u00ed \u00fadaje byly opraveny, dopln\u011bny nebo vymaz\u00e1ny, p\u0159\u00edpadn\u011b jejich zpracov\u00e1n\u00ed omezeno;<\/li>\n\n\n\n<li>u\u017eivatel m\u00e1 pr\u00e1vo vzn\u00e9st n\u00e1mitku proti zpracov\u00e1v\u00e1n\u00ed osobn\u00edch \u00fadaj\u016f a pr\u00e1vo podat st\u00ed\u017enost u dozorov\u00e9ho \u00fa\u0159adu;<\/li>\n\n\n\n<li>u\u017eivatel m\u00e1 pr\u00e1vo b\u00fdt informov\u00e1n o p\u0159\u00edpadech poru\u0161en\u00ed zabezpe\u010den\u00ed osobn\u00edch \u00fadaj\u016f a to tehdy, pokud je pravd\u011bpodobn\u00e9, \u017ee dan\u00fd p\u0159\u00edpad poru\u0161en\u00ed bude m\u00edt za n\u00e1sledek vysok\u00e9 riziko pro jeho pr\u00e1va a svobody.<\/li>\n<\/ul>\n\n\n\n<h2 class=\"wp-block-heading\">ZABEZPE\u010cEN\u00cd OSOBN\u00cdCH \u00daDAJ\u016e<\/h2>\n\n\n\n<p>Osobn\u00ed \u00fadaje jsou provozovatelem zabezpe\u010deny dle obvykl\u00fdch technick\u00fdch standard\u016f, kter\u00e9 zaji\u0161\u0165uj\u00ed maxim\u00e1ln\u00ed mo\u017enou ochranu zpracov\u00e1v\u00e1n\u00ed \u00fadaj\u016f p\u0159ed neopr\u00e1vn\u011bn\u00fdm p\u0159\u00edstupem nebo p\u0159enosem, p\u0159ed jejich ztr\u00e1tou nebo zni\u010den\u00edm, jako\u017e i p\u0159ed mo\u017en\u00fdm zneu\u017eit\u00edm.<\/p>\n\n\n\n<h2 class=\"wp-block-heading\">ZPRACOV\u00c1N\u00cd SOUBOR\u016e COOKIES<\/h2>\n\n\n\n<p>Str\u00e1nky www.almasyf.cz zpracov\u00e1vaj\u00ed soubory cookies, a to jak na z\u00e1klad\u011b nezbytnosti takov\u00e9ho zpracov\u00e1n\u00ed pro funk\u010dnost str\u00e1nek a tedy na z\u00e1klad\u011b opr\u00e1vn\u011bn\u00fdch z\u00e1jm\u016f jejich provozovatele, tak na z\u00e1klad\u011b souhlasu u\u017eivatele, kter\u00fd mohl u\u017eivatel ud\u011blit p\u0159i sv\u00e9 prvn\u00ed n\u00e1v\u0161t\u011bv\u011b a m\u016f\u017ee jej kdykoliv p\u0159\u00edmo na str\u00e1nk\u00e1ch odvolat.<\/p>\n\n\n\n<h3 class=\"wp-block-heading\">Co jsou cookies<\/h3>\n\n\n\n<p>Jde o mal\u00e9 soubory tvo\u0159en\u00e9 p\u00edsmeny a \u010d\u00edslicemi, kter\u00e9 po\u010d\u00edta\u010d s webovou str\u00e1nkou prost\u0159ednictv\u00edm prohl\u00ed\u017ee\u010de odes\u00edl\u00e1 do Va\u0161eho za\u0159\u00edzen\u00ed, tedy po\u010d\u00edta\u010de, mobiln\u00edho telefonu nebo t\u0159eba tabletu a ukl\u00e1d\u00e1 na pevn\u00e9m disku Va\u0161eho za\u0159\u00edzen\u00ed.<\/p>\n\n\n\n<p>P\u0159esto\u017ee soubory cookies zpravidla nemohou p\u0159\u00edmo identifikovat konkr\u00e9tn\u00ed fyzickou osobu, pom\u00e1haj\u00ed n\u00e1m rozli\u0161it jednotliv\u00e9 u\u017eivatele webov\u00fdch str\u00e1nek. D\u00edky nim V\u00e1m m\u016f\u017eeme nab\u00eddnout lep\u0161\u00ed po\u017eitek p\u0159i prohl\u00ed\u017een\u00ed na\u0161ich webov\u00fdch str\u00e1nek a neust\u00e1le zlep\u0161ovat sv\u00e9 slu\u017eby.<\/p>\n\n\n\n<p>Pomoc\u00ed cookies si V\u00e1\u0161 prohl\u00ed\u017ee\u010d nap\u0159\u00edklad pamatuje, jestli jste souhlasil(a) s podm\u00ednkami vyu\u017e\u00edv\u00e1n\u00ed na\u0161ich webov\u00fdch str\u00e1nek, jakou jazykovou mutaci t\u011bchto str\u00e1nek jste si zvolil(a), \u010di nap\u0159\u00edklad jakou emailovou adresu jste p\u0159i Va\u0161\u00ed posledn\u00ed n\u00e1v\u0161t\u011bv\u011b na t\u011bchto str\u00e1nk\u00e1ch zadal(a).<\/p>\n\n\n\n<p>Ka\u017ed\u00e1 webov\u00e1 str\u00e1nka m\u016f\u017ee do Va\u0161eho prohl\u00ed\u017ee\u010de odes\u00edlat sv\u00e9 vlastn\u00ed soubory cookies, pokud to umo\u017e\u0148uje nastaven\u00ed Va\u0161eho prohl\u00ed\u017ee\u010de. V\u00e1\u0161 prohl\u00ed\u017ee\u010d v\u0161ak (v z\u00e1jmu ochrany Va\u0161eho soukrom\u00ed) umo\u017e\u0148uje webov\u00fdm str\u00e1nk\u00e1m p\u0159\u00edstup pouze k t\u011bm soubor\u016fm cookies, kter\u00e9 tyto str\u00e1nky do Va\u0161eho za\u0159\u00edzen\u00ed samy odeslaly, nikoli k soubor\u016fm cookies odeslan\u00fdch jin\u00fdmi webov\u00fdmi str\u00e1nkami. Mnoh\u00e9 webov\u00e9 str\u00e1nky to d\u011blaj\u00ed v\u017edy, kdy\u017e je u\u017eivatel nav\u0161t\u00edv\u00ed. Mohou tak l\u00e9pe sledovat on-line provoz.<\/p>\n\n\n\n<h3 class=\"wp-block-heading\">Soubory cookies t\u0159et\u00edch stran<\/h3>\n\n\n\n<p>V p\u0159\u00edpad\u011b Va\u0161eho souhlasu pou\u017e\u00edv\u00e1me reklamn\u00ed soubory cookies t\u0159et\u00edch stran, kter\u00e9 n\u00e1m umo\u017e\u0148uj\u00ed pochopit a zlep\u0161it \u00fa\u010dinnost na\u0161\u00ed reklamy jak na na\u0161ich vlastn\u00edch webov\u00fdch str\u00e1nk\u00e1ch, tak na webov\u00fdch str\u00e1nk\u00e1ch t\u0159et\u00edch stran. Tyto soubory cookies se n\u011bkdy pou\u017e\u00edvaj\u00ed pro personalizaci, zm\u011bnu zac\u00edlen\u00ed a optimalizaci on-line reklamy.<\/p>\n\n\n\n<h2 class=\"wp-block-heading\">SLU\u017dBA GOOGLE ANALYTICS<\/h2>\n\n\n\n<p>V p\u0159\u00edpad\u011b Va\u0161eho souhlasu vyu\u017e\u00edv\u00e1 tato str\u00e1nka d\u00e1le slu\u017ebu Google Analytics, poskytovanou spole\u010dnost\u00ed Google, Inc. Slu\u017eba Google Analytics pou\u017e\u00edv\u00e1 soubor\u016f cookies umo\u017e\u0148uj\u00edc\u00ed anal\u00fdzu zp\u016fsobu u\u017e\u00edv\u00e1n\u00ed t\u00e9to str\u00e1nky jej\u00edmi u\u017eivateli. Informace vygenerovan\u00e9 souborem cookie o u\u017e\u00edv\u00e1n\u00ed str\u00e1nky (v\u010detn\u011b Va\u0161\u00ed IP adresy) bude spole\u010dnost\u00ed Google p\u0159enesena a ulo\u017eena na serverech ve Spojen\u00fdch st\u00e1tech. Google bude u\u017e\u00edvat t\u011bchto informac\u00ed pro \u00fa\u010dely vyhodnocov\u00e1n\u00ed u\u017e\u00edv\u00e1n\u00ed str\u00e1nky a vytv\u00e1\u0159en\u00ed zpr\u00e1v o jej\u00ed aktivit\u011b, ur\u010den\u00fdch pro jej\u00ed provozovatele, a pro poskytov\u00e1n\u00ed dal\u0161\u00edch slu\u017eeb t\u00fdkaj\u00edc\u00edch se \u010dinnost\u00ed na str\u00e1nce a u\u017e\u00edv\u00e1n\u00ed internetu v\u016fbec. Google m\u016f\u017ee tak\u00e9 poskytnout tyto informace t\u0159et\u00edm osob\u00e1m, bude-li to po\u017eadov\u00e1no z\u00e1konem nebo budou-li takov\u00e9to t\u0159et\u00ed osoby zpracov\u00e1vat tyto informace pro Google. Google nebude spojovat Va\u0161\u00ed IP adresu s jak\u00fdmikoli jin\u00fdmi daty, kter\u00e1 m\u00e1 k dispozici.<\/p>\n\n\n\n<h2 class=\"wp-block-heading\">Z\u00c1V\u011aRE\u010cN\u00c1 USTANOVEN\u00cd<\/h2>\n\n\n\n<p>Tyto podm\u00ednky je provozovatel opr\u00e1vn\u011bn kdykoliv zm\u011bnit.<\/p>\n","protected":false},"excerpt":{"rendered":"<p>P\u0159\u00edstup na str\u00e1nky www.almasyf.cz nebo n\u011bkter\u00e9 slu\u017eby poskytovan\u00e9 provozovatelem na t\u011bchto internetov\u00fdch str\u00e1nk\u00e1ch mohou b\u00fdt \u00fapln\u011b \u010di \u010d\u00e1ste\u010dn\u011b podm\u00edn\u011bny poskytnut\u00edm n\u011bkter\u00fdch osobn\u00edch \u00fadaj\u016f u\u017eivatele ve smyslu platn\u00e9 pr\u00e1vn\u00ed \u00fapravy, a to a\u0165 u\u017e se souhlasem u\u017eivatele \u010di na z\u00e1klad\u011b jin\u00e9ho pr\u00e1vn\u00edho z\u00e1kladu. V p\u0159\u00edpad\u011b str\u00e1nek www.almasyf.cz jde o soubory cookies a o n\u00e1sleduj\u00edc\u00ed osobn\u00ed \u00fadaje, [&hellip;]<\/p>\n","protected":false},"author":2,"featured_media":0,"parent":0,"menu_order":0,"comment_status":"closed","ping_status":"closed","template":"","meta":{"_acf_changed":false,"inline_featured_image":false,"footnotes":""},"class_list":["post-603","page","type-page","status-publish","hentry"],"acf":[],"yoast_head":"<!-- This site is optimized with the Yoast SEO plugin v26.0 - https:\/\/yoast.com\/wordpress\/plugins\/seo\/ -->\n<title>Ochrana osobn\u00edch \u00fadaj\u016f - Almasyf.cz | Limuz\u00edny Praha<\/title>\n<meta name=\"robots\" content=\"index, follow, max-snippet:-1, max-image-preview:large, max-video-preview:-1\" \/>\n<link rel=\"canonical\" href=\"https:\/\/www.almasyf.cz\/cz\/ochrana-osobnich-udaju\/\" \/>\n<meta property=\"og:locale\" content=\"cs_CZ\" \/>\n<meta property=\"og:type\" content=\"article\" \/>\n<meta property=\"og:title\" content=\"Ochrana osobn\u00edch \u00fadaj\u016f - Almasyf.cz | Limuz\u00edny Praha\" \/>\n<meta property=\"og:description\" content=\"P\u0159\u00edstup na str\u00e1nky www.almasyf.cz nebo n\u011bkter\u00e9 slu\u017eby poskytovan\u00e9 provozovatelem na t\u011bchto internetov\u00fdch str\u00e1nk\u00e1ch mohou b\u00fdt \u00fapln\u011b \u010di \u010d\u00e1ste\u010dn\u011b podm\u00edn\u011bny poskytnut\u00edm n\u011bkter\u00fdch osobn\u00edch \u00fadaj\u016f u\u017eivatele ve smyslu platn\u00e9 pr\u00e1vn\u00ed \u00fapravy, a to a\u0165 u\u017e se souhlasem u\u017eivatele \u010di na z\u00e1klad\u011b jin\u00e9ho pr\u00e1vn\u00edho z\u00e1kladu. V p\u0159\u00edpad\u011b str\u00e1nek www.almasyf.cz jde o soubory cookies a o n\u00e1sleduj\u00edc\u00ed osobn\u00ed \u00fadaje, [&hellip;]\" \/>\n<meta property=\"og:url\" content=\"https:\/\/www.almasyf.cz\/cz\/ochrana-osobnich-udaju\/\" \/>\n<meta property=\"og:site_name\" content=\"Almasyf.cz | Limuz\u00edny Praha\" \/>\n<meta name=\"twitter:card\" content=\"summary_large_image\" \/>\n<meta name=\"twitter:label1\" content=\"Odhadovan\u00e1 doba \u010dten\u00ed\" \/>\n\t<meta name=\"twitter:data1\" content=\"4 minuty\" \/>\n<script type=\"application\/ld+json\" class=\"yoast-schema-graph\">{\"@context\":\"https:\/\/schema.org\",\"@graph\":[{\"@type\":\"WebPage\",\"@id\":\"https:\/\/www.almasyf.cz\/cz\/ochrana-osobnich-udaju\/\",\"url\":\"https:\/\/www.almasyf.cz\/cz\/ochrana-osobnich-udaju\/\",\"name\":\"Ochrana osobn\u00edch \u00fadaj\u016f - Almasyf.cz | Limuz\u00edny Praha\",\"isPartOf\":{\"@id\":\"https:\/\/www.almasyf.cz\/cz\/#website\"},\"datePublished\":\"2024-03-19T09:56:12+00:00\",\"breadcrumb\":{\"@id\":\"https:\/\/www.almasyf.cz\/cz\/ochrana-osobnich-udaju\/#breadcrumb\"},\"inLanguage\":\"cs\",\"potentialAction\":[{\"@type\":\"ReadAction\",\"target\":[\"https:\/\/www.almasyf.cz\/cz\/ochrana-osobnich-udaju\/\"]}]},{\"@type\":\"BreadcrumbList\",\"@id\":\"https:\/\/www.almasyf.cz\/cz\/ochrana-osobnich-udaju\/#breadcrumb\",\"itemListElement\":[{\"@type\":\"ListItem\",\"position\":1,\"name\":\"Dom\u016f\",\"item\":\"https:\/\/www.almasyf.cz\/cz\/\"},{\"@type\":\"ListItem\",\"position\":2,\"name\":\"Ochrana osobn\u00edch \u00fadaj\u016f\"}]},{\"@type\":\"WebSite\",\"@id\":\"https:\/\/www.almasyf.cz\/cz\/#website\",\"url\":\"https:\/\/www.almasyf.cz\/cz\/\",\"name\":\"almasyf.cz - CZ\",\"description\":\"\",\"potentialAction\":[{\"@type\":\"SearchAction\",\"target\":{\"@type\":\"EntryPoint\",\"urlTemplate\":\"https:\/\/www.almasyf.cz\/cz\/?s={search_term_string}\"},\"query-input\":{\"@type\":\"PropertyValueSpecification\",\"valueRequired\":true,\"valueName\":\"search_term_string\"}}],\"inLanguage\":\"cs\"}]}<\/script>\n<!-- \/ Yoast SEO plugin. -->","yoast_head_json":{"title":"Ochrana osobn\u00edch \u00fadaj\u016f - Almasyf.cz | Limuz\u00edny Praha","robots":{"index":"index","follow":"follow","max-snippet":"max-snippet:-1","max-image-preview":"max-image-preview:large","max-video-preview":"max-video-preview:-1"},"canonical":"https:\/\/www.almasyf.cz\/cz\/ochrana-osobnich-udaju\/","og_locale":"cs_CZ","og_type":"article","og_title":"Ochrana osobn\u00edch \u00fadaj\u016f - Almasyf.cz | Limuz\u00edny Praha","og_description":"P\u0159\u00edstup na str\u00e1nky www.almasyf.cz nebo n\u011bkter\u00e9 slu\u017eby poskytovan\u00e9 provozovatelem na t\u011bchto internetov\u00fdch str\u00e1nk\u00e1ch mohou b\u00fdt \u00fapln\u011b \u010di \u010d\u00e1ste\u010dn\u011b podm\u00edn\u011bny poskytnut\u00edm n\u011bkter\u00fdch osobn\u00edch \u00fadaj\u016f u\u017eivatele ve smyslu platn\u00e9 pr\u00e1vn\u00ed \u00fapravy, a to a\u0165 u\u017e se souhlasem u\u017eivatele \u010di na z\u00e1klad\u011b jin\u00e9ho pr\u00e1vn\u00edho z\u00e1kladu. V p\u0159\u00edpad\u011b str\u00e1nek www.almasyf.cz jde o soubory cookies a o n\u00e1sleduj\u00edc\u00ed osobn\u00ed \u00fadaje, [&hellip;]","og_url":"https:\/\/www.almasyf.cz\/cz\/ochrana-osobnich-udaju\/","og_site_name":"Almasyf.cz | Limuz\u00edny Praha","twitter_card":"summary_large_image","twitter_misc":{"Odhadovan\u00e1 doba \u010dten\u00ed":"4 minuty"},"schema":{"@context":"https:\/\/schema.org","@graph":[{"@type":"WebPage","@id":"https:\/\/www.almasyf.cz\/cz\/ochrana-osobnich-udaju\/","url":"https:\/\/www.almasyf.cz\/cz\/ochrana-osobnich-udaju\/","name":"Ochrana osobn\u00edch \u00fadaj\u016f - Almasyf.cz | Limuz\u00edny Praha","isPartOf":{"@id":"https:\/\/www.almasyf.cz\/cz\/#website"},"datePublished":"2024-03-19T09:56:12+00:00","breadcrumb":{"@id":"https:\/\/www.almasyf.cz\/cz\/ochrana-osobnich-udaju\/#breadcrumb"},"inLanguage":"cs","potentialAction":[{"@type":"ReadAction","target":["https:\/\/www.almasyf.cz\/cz\/ochrana-osobnich-udaju\/"]}]},{"@type":"BreadcrumbList","@id":"https:\/\/www.almasyf.cz\/cz\/ochrana-osobnich-udaju\/#breadcrumb","itemListElement":[{"@type":"ListItem","position":1,"name":"Dom\u016f","item":"https:\/\/www.almasyf.cz\/cz\/"},{"@type":"ListItem","position":2,"name":"Ochrana osobn\u00edch \u00fadaj\u016f"}]},{"@type":"WebSite","@id":"https:\/\/www.almasyf.cz\/cz\/#website","url":"https:\/\/www.almasyf.cz\/cz\/","name":"almasyf.cz - CZ","description":"","potentialAction":[{"@type":"SearchAction","target":{"@type":"EntryPoint","urlTemplate":"https:\/\/www.almasyf.cz\/cz\/?s={search_term_string}"},"query-input":{"@type":"PropertyValueSpecification","valueRequired":true,"valueName":"search_term_string"}}],"inLanguage":"cs"}]}},"_links":{"self":[{"href":"https:\/\/www.almasyf.cz\/cz\/wp-json\/wp\/v2\/pages\/603","targetHints":{"allow":["GET"]}}],"collection":[{"href":"https:\/\/www.almasyf.cz\/cz\/wp-json\/wp\/v2\/pages"}],"about":[{"href":"https:\/\/www.almasyf.cz\/cz\/wp-json\/wp\/v2\/types\/page"}],"author":[{"embeddable":true,"href":"https:\/\/www.almasyf.cz\/cz\/wp-json\/wp\/v2\/users\/2"}],"replies":[{"embeddable":true,"href":"https:\/\/www.almasyf.cz\/cz\/wp-json\/wp\/v2\/comments?post=603"}],"version-history":[{"count":0,"href":"https:\/\/www.almasyf.cz\/cz\/wp-json\/wp\/v2\/pages\/603\/revisions"}],"wp:attachment":[{"href":"https:\/\/www.almasyf.cz\/cz\/wp-json\/wp\/v2\/media?parent=603"}],"curies":[{"name":"wp","href":"https:\/\/api.w.org\/{rel}","templated":true}]}}