{"id":705,"date":"2024-02-15T10:16:16","date_gmt":"2024-02-15T10:16:16","guid":{"rendered":"http:\/\/almasyf.mdworks-dev.cz\/?page_id=3"},"modified":"2024-02-15T10:16:16","modified_gmt":"2024-02-15T10:16:16","slug":"vseobecne-podminky","status":"publish","type":"page","link":"https:\/\/www.almasyf.cz\/cz\/vseobecne-podminky\/","title":{"rendered":"V\u0161eobecn\u00e9 podm\u00ednky"},"content":{"rendered":"\n<p><strong>Almasyf Travel, s.r.o.<\/strong><\/p>\n\n\n\n<p>Adresa: Severoz\u00e1padn\u00ed III 385\/46, Praha 4, 14100, \u010cesk\u00e1 republika<\/p>\n\n\n\n<p>I\u010cO: 01708970<\/p>\n\n\n\n<p>DI\u010c: CZ01708970<\/p>\n\n\n\n<p>zapsan\u00e9 v obchodn\u00edm rejst\u0159\u00edku pod spisovou zna\u010dkou C 210535, M\u011bstsk\u00fd soud v Praze<\/p>\n\n\n\n<p>d\u00e1le jen \u201eposkytovatel slu\u017eeb v oblasti p\u0159epravy\u201c<\/p>\n\n\n\n<p>Z\u00e1kazn\u00edk, kter\u00fd objedn\u00e1 p\u0159es online formul\u00e1\u0159, email nebo telefon slu\u017eby spole\u010dnosti Almasyf Travel, s.r.o., prohla\u0161uje, \u017ee \u010detl a p\u0159ij\u00edm\u00e1 tyto smluvn\u00ed podm\u00ednky. Odsouhlasen\u00edm potvrzen\u00e9 objedn\u00e1vky nebo podpisem smlouvy deklaruje sv\u016fj souhlas s t\u011bmito smluvn\u00edmi podm\u00ednkami, na kter\u00e9 objedn\u00e1vka \u010di smlouva odkazuje.<\/p>\n\n\n\n<p>Ka\u017ed\u00e1 slu\u017eba spole\u010dnosti je objedn\u00e1na p\u0159edem, a to p\u0159es formul\u00e1\u0159 na webu spole\u010dnosti, emailem nebo telefonicky. Smluvn\u00ed vztah mezi spole\u010dnost\u00ed a z\u00e1kazn\u00edkem vznik\u00e1 na z\u00e1klad\u011b potvrzen\u00ed z\u00e1vazn\u00e9 objedn\u00e1vky z\u00e1kazn\u00edkem. Potvrzen\u00ed m\u016f\u017ee b\u00fdt provedeno emailem, telefonicky nebo SMS.<\/p>\n\n\n\n<p>Platit lze hotov\u011b, platebn\u00edm linkem, platebn\u00ed kartou nebo po p\u0159edchoz\u00ed domluv\u011b bankovn\u00edm p\u0159evodem. Platbu lze prov\u00e9st v m\u011bn\u00e1ch CZK, EUR, USD uveden\u00fdch v objedn\u00e1vkov\u00e9m formul\u00e1\u0159i na webu spole\u010dnosti. Rozhodn\u00fdm sm\u011bnn\u00fdm kurzem u plateb v ciz\u00edch m\u011bn\u00e1ch je kurz platn\u00fd v den vyu\u017eit\u00ed slu\u017eby. Spole\u010dnost. nebo jej\u00ed z\u00e1stupce \u2013 \u0159idi\u010d vystav\u00ed na ka\u017edou platbu \u0159\u00e1dn\u00fd doklad. Platba bankovn\u00edm p\u0159evodem je mo\u017en\u00e1 pouze po p\u0159edchoz\u00ed dohod\u011b.<\/p>\n\n\n\n<p>Poskytovatel si vyhrazuje pr\u00e1vo odm\u00edtnout nebo zru\u0161it objedn\u00e1vku (zejm\u00e9na z technick\u00fdch d\u016fvod\u016f). Z\u00e1rove\u0148 se zavazuje poskytnout z\u00e1kazn\u00edkovi p\u0159epravn\u00ed slu\u017ebu odpov\u00eddaj\u00edc\u00ed specifikaci v objedn\u00e1vce.<\/p>\n\n\n\n<p>V p\u0159\u00edpad\u011b, \u017ee chce z\u00e1kazn\u00edk zm\u011bnit nebo zru\u0161it ji\u017e potvrzenou rezervaci je zapot\u0159eb\u00ed informovat spole\u010dnost ALMASYF 24 hodin p\u0159edem, a to emailem nebo telefonicky. Pokud ji\u017e z\u00e1kazn\u00edk uhradil objednan\u00e9 slu\u017eby a \u0159\u00e1dn\u011b slu\u017ebu 24 hodin p\u0159edem stornoval, bude mu p\u0159ijat\u00e1 \u010d\u00e1stka za slu\u017ebu obratem vr\u00e1cena.<\/p>\n\n\n\n<p>Z\u00e1kazn\u00edk je povinen nastoupit slu\u017ebu \u2013 p\u0159epravu v dohodnut\u00e9m \u010dase a m\u00edst\u011b. Z\u00e1kazn\u00edk potvrzuje, \u017ee byl p\u0159ed zapo\u010det\u00edm slu\u017eby \u2013 p\u0159epravy pou\u010den o v\u0161ech okolnostech p\u0159epravy a souhlas\u00ed, \u017ee v \u010dase p\u0159epravy se bude respektovat pokyny \u0159idi\u010de. Pokud z\u00e1kazn\u00edk nedodr\u017e\u00ed sjednan\u00e9 podm\u00ednky a zm\u011bn\u00ed objednanou slu\u017ebu nap\u0159. zm\u011bna m\u00edsta nebo \u010dasu bez p\u0159edchoz\u00ed domluvy, je povinen uhradit vznikl\u00e9 dodate\u010dn\u00e9 n\u00e1klady, jako je \u010dekac\u00ed doba a n\u00e1jezd km nad limit vzd\u00e1lenosti dle cen\u00edku.<\/p>\n\n\n\n<p>P\u0159\u00edpadn\u00e9 st\u00ed\u017enosti spot\u0159ebitel\u016f jsou p\u0159ij\u00edm\u00e1ny na adrese info@almasyf.cz. Informaci o vy\u0159\u00edzen\u00ed st\u00ed\u017enosti za\u0161le poskytovatel na elektronickou adresu spot\u0159ebitele.<\/p>\n\n\n\n<p>Na\u0161e z\u00e1sady ochrany osobn\u00edch \u00fadaj\u016f si m\u016f\u017eete p\u0159e\u010d\u00edst v samostatn\u00e9m dokumentu <a href=\"https:\/\/almasyf.mdworks-dev.cz\/ochrana-osobnich-udaju\/\">zde<\/a>.<\/p>\n\n\n\n<p>Almasyf Travel, s.r.o.<\/p>\n\n\n\n<p>+420&nbsp;777&nbsp;702&nbsp;221, +420&nbsp;608&nbsp;366 433<\/p>\n\n\n\n<p><a href=\"mailto:info@almasyf.cz\">info@almasyf.cz<\/a><\/p>\n\n\n\n<p><a href=\"https:\/\/almasyf.mdworks-dev.cz\/\">www.almasyf.cz<\/a><\/p>\n","protected":false},"excerpt":{"rendered":"<p>Almasyf Travel, s.r.o. Adresa: Severoz\u00e1padn\u00ed III 385\/46, Praha 4, 14100, \u010cesk\u00e1 republika I\u010cO: 01708970 DI\u010c: CZ01708970 zapsan\u00e9 v obchodn\u00edm rejst\u0159\u00edku pod spisovou zna\u010dkou C 210535, M\u011bstsk\u00fd soud v Praze d\u00e1le jen \u201eposkytovatel slu\u017eeb v oblasti p\u0159epravy\u201c Z\u00e1kazn\u00edk, kter\u00fd objedn\u00e1 p\u0159es online formul\u00e1\u0159, email nebo telefon slu\u017eby spole\u010dnosti Almasyf Travel, s.r.o., prohla\u0161uje, \u017ee \u010detl a p\u0159ij\u00edm\u00e1 [&hellip;]<\/p>\n","protected":false},"author":2,"featured_media":0,"parent":0,"menu_order":0,"comment_status":"closed","ping_status":"open","template":"","meta":{"_acf_changed":false,"inline_featured_image":false,"footnotes":""},"class_list":["post-705","page","type-page","status-publish","hentry"],"acf":[],"yoast_head":"<!-- This site is optimized with the Yoast SEO plugin v26.0 - https:\/\/yoast.com\/wordpress\/plugins\/seo\/ -->\n<title>V\u0161eobecn\u00e9 podm\u00ednky - Almasyf.cz | Limuz\u00edny Praha<\/title>\n<meta name=\"robots\" content=\"index, follow, max-snippet:-1, max-image-preview:large, max-video-preview:-1\" \/>\n<link rel=\"canonical\" href=\"https:\/\/www.almasyf.cz\/cz\/vseobecne-podminky\/\" \/>\n<meta property=\"og:locale\" content=\"cs_CZ\" \/>\n<meta property=\"og:type\" content=\"article\" \/>\n<meta property=\"og:title\" content=\"V\u0161eobecn\u00e9 podm\u00ednky - Almasyf.cz | Limuz\u00edny Praha\" \/>\n<meta property=\"og:description\" content=\"Almasyf Travel, s.r.o. Adresa: Severoz\u00e1padn\u00ed III 385\/46, Praha 4, 14100, \u010cesk\u00e1 republika I\u010cO: 01708970 DI\u010c: CZ01708970 zapsan\u00e9 v obchodn\u00edm rejst\u0159\u00edku pod spisovou zna\u010dkou C 210535, M\u011bstsk\u00fd soud v Praze d\u00e1le jen \u201eposkytovatel slu\u017eeb v oblasti p\u0159epravy\u201c Z\u00e1kazn\u00edk, kter\u00fd objedn\u00e1 p\u0159es online formul\u00e1\u0159, email nebo telefon slu\u017eby spole\u010dnosti Almasyf Travel, s.r.o., prohla\u0161uje, \u017ee \u010detl a p\u0159ij\u00edm\u00e1 [&hellip;]\" \/>\n<meta property=\"og:url\" content=\"https:\/\/www.almasyf.cz\/cz\/vseobecne-podminky\/\" \/>\n<meta property=\"og:site_name\" content=\"Almasyf.cz | Limuz\u00edny Praha\" \/>\n<meta name=\"twitter:card\" content=\"summary_large_image\" \/>\n<meta name=\"twitter:label1\" content=\"Odhadovan\u00e1 doba \u010dten\u00ed\" \/>\n\t<meta name=\"twitter:data1\" content=\"2 minuty\" \/>\n<script type=\"application\/ld+json\" class=\"yoast-schema-graph\">{\"@context\":\"https:\/\/schema.org\",\"@graph\":[{\"@type\":\"WebPage\",\"@id\":\"https:\/\/www.almasyf.cz\/cz\/vseobecne-podminky\/\",\"url\":\"https:\/\/www.almasyf.cz\/cz\/vseobecne-podminky\/\",\"name\":\"V\u0161eobecn\u00e9 podm\u00ednky - Almasyf.cz | Limuz\u00edny Praha\",\"isPartOf\":{\"@id\":\"https:\/\/www.almasyf.cz\/cz\/#website\"},\"datePublished\":\"2024-02-15T10:16:16+00:00\",\"breadcrumb\":{\"@id\":\"https:\/\/www.almasyf.cz\/cz\/vseobecne-podminky\/#breadcrumb\"},\"inLanguage\":\"cs\",\"potentialAction\":[{\"@type\":\"ReadAction\",\"target\":[\"https:\/\/www.almasyf.cz\/cz\/vseobecne-podminky\/\"]}]},{\"@type\":\"BreadcrumbList\",\"@id\":\"https:\/\/www.almasyf.cz\/cz\/vseobecne-podminky\/#breadcrumb\",\"itemListElement\":[{\"@type\":\"ListItem\",\"position\":1,\"name\":\"Dom\u016f\",\"item\":\"https:\/\/www.almasyf.cz\/cz\/\"},{\"@type\":\"ListItem\",\"position\":2,\"name\":\"V\u0161eobecn\u00e9 podm\u00ednky\"}]},{\"@type\":\"WebSite\",\"@id\":\"https:\/\/www.almasyf.cz\/cz\/#website\",\"url\":\"https:\/\/www.almasyf.cz\/cz\/\",\"name\":\"almasyf.cz - CZ\",\"description\":\"\",\"potentialAction\":[{\"@type\":\"SearchAction\",\"target\":{\"@type\":\"EntryPoint\",\"urlTemplate\":\"https:\/\/www.almasyf.cz\/cz\/?s={search_term_string}\"},\"query-input\":{\"@type\":\"PropertyValueSpecification\",\"valueRequired\":true,\"valueName\":\"search_term_string\"}}],\"inLanguage\":\"cs\"}]}<\/script>\n<!-- \/ Yoast SEO plugin. -->","yoast_head_json":{"title":"V\u0161eobecn\u00e9 podm\u00ednky - Almasyf.cz | Limuz\u00edny Praha","robots":{"index":"index","follow":"follow","max-snippet":"max-snippet:-1","max-image-preview":"max-image-preview:large","max-video-preview":"max-video-preview:-1"},"canonical":"https:\/\/www.almasyf.cz\/cz\/vseobecne-podminky\/","og_locale":"cs_CZ","og_type":"article","og_title":"V\u0161eobecn\u00e9 podm\u00ednky - Almasyf.cz | Limuz\u00edny Praha","og_description":"Almasyf Travel, s.r.o. Adresa: Severoz\u00e1padn\u00ed III 385\/46, Praha 4, 14100, \u010cesk\u00e1 republika I\u010cO: 01708970 DI\u010c: CZ01708970 zapsan\u00e9 v obchodn\u00edm rejst\u0159\u00edku pod spisovou zna\u010dkou C 210535, M\u011bstsk\u00fd soud v Praze d\u00e1le jen \u201eposkytovatel slu\u017eeb v oblasti p\u0159epravy\u201c Z\u00e1kazn\u00edk, kter\u00fd objedn\u00e1 p\u0159es online formul\u00e1\u0159, email nebo telefon slu\u017eby spole\u010dnosti Almasyf Travel, s.r.o., prohla\u0161uje, \u017ee \u010detl a p\u0159ij\u00edm\u00e1 [&hellip;]","og_url":"https:\/\/www.almasyf.cz\/cz\/vseobecne-podminky\/","og_site_name":"Almasyf.cz | Limuz\u00edny Praha","twitter_card":"summary_large_image","twitter_misc":{"Odhadovan\u00e1 doba \u010dten\u00ed":"2 minuty"},"schema":{"@context":"https:\/\/schema.org","@graph":[{"@type":"WebPage","@id":"https:\/\/www.almasyf.cz\/cz\/vseobecne-podminky\/","url":"https:\/\/www.almasyf.cz\/cz\/vseobecne-podminky\/","name":"V\u0161eobecn\u00e9 podm\u00ednky - Almasyf.cz | Limuz\u00edny Praha","isPartOf":{"@id":"https:\/\/www.almasyf.cz\/cz\/#website"},"datePublished":"2024-02-15T10:16:16+00:00","breadcrumb":{"@id":"https:\/\/www.almasyf.cz\/cz\/vseobecne-podminky\/#breadcrumb"},"inLanguage":"cs","potentialAction":[{"@type":"ReadAction","target":["https:\/\/www.almasyf.cz\/cz\/vseobecne-podminky\/"]}]},{"@type":"BreadcrumbList","@id":"https:\/\/www.almasyf.cz\/cz\/vseobecne-podminky\/#breadcrumb","itemListElement":[{"@type":"ListItem","position":1,"name":"Dom\u016f","item":"https:\/\/www.almasyf.cz\/cz\/"},{"@type":"ListItem","position":2,"name":"V\u0161eobecn\u00e9 podm\u00ednky"}]},{"@type":"WebSite","@id":"https:\/\/www.almasyf.cz\/cz\/#website","url":"https:\/\/www.almasyf.cz\/cz\/","name":"almasyf.cz - CZ","description":"","potentialAction":[{"@type":"SearchAction","target":{"@type":"EntryPoint","urlTemplate":"https:\/\/www.almasyf.cz\/cz\/?s={search_term_string}"},"query-input":{"@type":"PropertyValueSpecification","valueRequired":true,"valueName":"search_term_string"}}],"inLanguage":"cs"}]}},"_links":{"self":[{"href":"https:\/\/www.almasyf.cz\/cz\/wp-json\/wp\/v2\/pages\/705","targetHints":{"allow":["GET"]}}],"collection":[{"href":"https:\/\/www.almasyf.cz\/cz\/wp-json\/wp\/v2\/pages"}],"about":[{"href":"https:\/\/www.almasyf.cz\/cz\/wp-json\/wp\/v2\/types\/page"}],"author":[{"embeddable":true,"href":"https:\/\/www.almasyf.cz\/cz\/wp-json\/wp\/v2\/users\/2"}],"replies":[{"embeddable":true,"href":"https:\/\/www.almasyf.cz\/cz\/wp-json\/wp\/v2\/comments?post=705"}],"version-history":[{"count":0,"href":"https:\/\/www.almasyf.cz\/cz\/wp-json\/wp\/v2\/pages\/705\/revisions"}],"wp:attachment":[{"href":"https:\/\/www.almasyf.cz\/cz\/wp-json\/wp\/v2\/media?parent=705"}],"curies":[{"name":"wp","href":"https:\/\/api.w.org\/{rel}","templated":true}]}}