{"id":706,"date":"2024-02-15T14:09:04","date_gmt":"2024-02-15T14:09:04","guid":{"rendered":"http:\/\/almasyf.mdworks-dev.cz\/?page_id=6"},"modified":"2026-03-17T11:04:59","modified_gmt":"2026-03-17T10:04:59","slug":"uvodni-strana","status":"publish","type":"page","link":"https:\/\/www.almasyf.cz\/cz\/","title":{"rendered":"Homepage"},"content":{"rendered":"\n<figure class=\"wp-block-video\"><video controls src=\"https:\/\/www.almasyf.cz\/cz\/wp-content\/uploads\/sites\/2\/2024\/10\/vila_lanna_almasyf_smaller.mov\"><\/video><\/figure>\n","protected":false},"excerpt":{"rendered":"","protected":false},"author":2,"featured_media":0,"parent":0,"menu_order":0,"comment_status":"closed","ping_status":"closed","template":"parts\/home-page.php","meta":{"_acf_changed":false,"inline_featured_image":false,"footnotes":""},"class_list":["post-706","page","type-page","status-publish","hentry"],"acf":[],"yoast_head":"<!-- This site is optimized with the Yoast SEO plugin v26.0 - https:\/\/yoast.com\/wordpress\/plugins\/seo\/ -->\n<title>Almasyf.cz | Limuz\u00edny Praha<\/title>\n<meta name=\"description\" content=\"Nab\u00edz\u00edme VIP slu\u017eby v oblasti transfer\u016f. Specializujeme se na pron\u00e1jem luxusn\u00edch voz\u016f s \u0159idi\u010dem pro business a leti\u0161tn\u00ed transfery.\" \/>\n<meta name=\"robots\" content=\"index, follow, max-snippet:-1, max-image-preview:large, max-video-preview:-1\" \/>\n<link rel=\"canonical\" href=\"https:\/\/www.almasyf.cz\/cz\/\" \/>\n<meta property=\"og:locale\" content=\"cs_CZ\" \/>\n<meta property=\"og:type\" content=\"article\" \/>\n<meta property=\"og:title\" content=\"Almasyf.cz | Limuz\u00edny Praha\" \/>\n<meta property=\"og:description\" content=\"Nab\u00edz\u00edme VIP slu\u017eby v oblasti transfer\u016f. Specializujeme se na pron\u00e1jem luxusn\u00edch voz\u016f s \u0159idi\u010dem pro business a leti\u0161tn\u00ed transfery.\" \/>\n<meta property=\"og:url\" content=\"https:\/\/www.almasyf.cz\/cz\/\" \/>\n<meta property=\"og:site_name\" content=\"Almasyf.cz | Limuz\u00edny Praha\" \/>\n<meta property=\"article:modified_time\" content=\"2026-03-17T10:04:59+00:00\" \/>\n<meta name=\"twitter:card\" content=\"summary_large_image\" \/>\n<script type=\"application\/ld+json\" class=\"yoast-schema-graph\">{\"@context\":\"https:\/\/schema.org\",\"@graph\":[{\"@type\":\"WebPage\",\"@id\":\"https:\/\/www.almasyf.cz\/cz\/\",\"url\":\"https:\/\/www.almasyf.cz\/cz\/\",\"name\":\"Almasyf.cz | Limuz\u00edny Praha\",\"isPartOf\":{\"@id\":\"https:\/\/www.almasyf.cz\/cz\/#website\"},\"datePublished\":\"2024-02-15T14:09:04+00:00\",\"dateModified\":\"2026-03-17T10:04:59+00:00\",\"description\":\"Nab\u00edz\u00edme VIP slu\u017eby v oblasti transfer\u016f. Specializujeme se na pron\u00e1jem luxusn\u00edch voz\u016f s \u0159idi\u010dem pro business a leti\u0161tn\u00ed transfery.\",\"breadcrumb\":{\"@id\":\"https:\/\/www.almasyf.cz\/cz\/#breadcrumb\"},\"inLanguage\":\"cs\",\"potentialAction\":[{\"@type\":\"ReadAction\",\"target\":[\"https:\/\/www.almasyf.cz\/cz\/\"]}]},{\"@type\":\"BreadcrumbList\",\"@id\":\"https:\/\/www.almasyf.cz\/cz\/#breadcrumb\",\"itemListElement\":[{\"@type\":\"ListItem\",\"position\":1,\"name\":\"Dom\u016f\",\"item\":\"https:\/\/www.almasyf.cz\/cz\/\"},{\"@type\":\"ListItem\",\"position\":2,\"name\":\"Homepage\"}]},{\"@type\":\"WebSite\",\"@id\":\"https:\/\/www.almasyf.cz\/cz\/#website\",\"url\":\"https:\/\/www.almasyf.cz\/cz\/\",\"name\":\"almasyf.cz - CZ\",\"description\":\"\",\"potentialAction\":[{\"@type\":\"SearchAction\",\"target\":{\"@type\":\"EntryPoint\",\"urlTemplate\":\"https:\/\/www.almasyf.cz\/cz\/?s={search_term_string}\"},\"query-input\":{\"@type\":\"PropertyValueSpecification\",\"valueRequired\":true,\"valueName\":\"search_term_string\"}}],\"inLanguage\":\"cs\"}]}<\/script>\n<!-- \/ Yoast SEO plugin. -->","yoast_head_json":{"title":"Almasyf.cz | Limuz\u00edny Praha","description":"Nab\u00edz\u00edme VIP slu\u017eby v oblasti transfer\u016f. Specializujeme se na pron\u00e1jem luxusn\u00edch voz\u016f s \u0159idi\u010dem pro business a leti\u0161tn\u00ed transfery.","robots":{"index":"index","follow":"follow","max-snippet":"max-snippet:-1","max-image-preview":"max-image-preview:large","max-video-preview":"max-video-preview:-1"},"canonical":"https:\/\/www.almasyf.cz\/cz\/","og_locale":"cs_CZ","og_type":"article","og_title":"Almasyf.cz | Limuz\u00edny Praha","og_description":"Nab\u00edz\u00edme VIP slu\u017eby v oblasti transfer\u016f. Specializujeme se na pron\u00e1jem luxusn\u00edch voz\u016f s \u0159idi\u010dem pro business a leti\u0161tn\u00ed transfery.","og_url":"https:\/\/www.almasyf.cz\/cz\/","og_site_name":"Almasyf.cz | Limuz\u00edny Praha","article_modified_time":"2026-03-17T10:04:59+00:00","twitter_card":"summary_large_image","schema":{"@context":"https:\/\/schema.org","@graph":[{"@type":"WebPage","@id":"https:\/\/www.almasyf.cz\/cz\/","url":"https:\/\/www.almasyf.cz\/cz\/","name":"Almasyf.cz | Limuz\u00edny Praha","isPartOf":{"@id":"https:\/\/www.almasyf.cz\/cz\/#website"},"datePublished":"2024-02-15T14:09:04+00:00","dateModified":"2026-03-17T10:04:59+00:00","description":"Nab\u00edz\u00edme VIP slu\u017eby v oblasti transfer\u016f. Specializujeme se na pron\u00e1jem luxusn\u00edch voz\u016f s \u0159idi\u010dem pro business a leti\u0161tn\u00ed transfery.","breadcrumb":{"@id":"https:\/\/www.almasyf.cz\/cz\/#breadcrumb"},"inLanguage":"cs","potentialAction":[{"@type":"ReadAction","target":["https:\/\/www.almasyf.cz\/cz\/"]}]},{"@type":"BreadcrumbList","@id":"https:\/\/www.almasyf.cz\/cz\/#breadcrumb","itemListElement":[{"@type":"ListItem","position":1,"name":"Dom\u016f","item":"https:\/\/www.almasyf.cz\/cz\/"},{"@type":"ListItem","position":2,"name":"Homepage"}]},{"@type":"WebSite","@id":"https:\/\/www.almasyf.cz\/cz\/#website","url":"https:\/\/www.almasyf.cz\/cz\/","name":"almasyf.cz - CZ","description":"","potentialAction":[{"@type":"SearchAction","target":{"@type":"EntryPoint","urlTemplate":"https:\/\/www.almasyf.cz\/cz\/?s={search_term_string}"},"query-input":{"@type":"PropertyValueSpecification","valueRequired":true,"valueName":"search_term_string"}}],"inLanguage":"cs"}]}},"_links":{"self":[{"href":"https:\/\/www.almasyf.cz\/cz\/wp-json\/wp\/v2\/pages\/706","targetHints":{"allow":["GET"]}}],"collection":[{"href":"https:\/\/www.almasyf.cz\/cz\/wp-json\/wp\/v2\/pages"}],"about":[{"href":"https:\/\/www.almasyf.cz\/cz\/wp-json\/wp\/v2\/types\/page"}],"author":[{"embeddable":true,"href":"https:\/\/www.almasyf.cz\/cz\/wp-json\/wp\/v2\/users\/2"}],"replies":[{"embeddable":true,"href":"https:\/\/www.almasyf.cz\/cz\/wp-json\/wp\/v2\/comments?post=706"}],"version-history":[{"count":22,"href":"https:\/\/www.almasyf.cz\/cz\/wp-json\/wp\/v2\/pages\/706\/revisions"}],"predecessor-version":[{"id":2533,"href":"https:\/\/www.almasyf.cz\/cz\/wp-json\/wp\/v2\/pages\/706\/revisions\/2533"}],"wp:attachment":[{"href":"https:\/\/www.almasyf.cz\/cz\/wp-json\/wp\/v2\/media?parent=706"}],"curies":[{"name":"wp","href":"https:\/\/api.w.org\/{rel}","templated":true}]}}